{"id":219,"date":"2025-09-03T03:18:22","date_gmt":"2025-09-03T03:18:22","guid":{"rendered":"https:\/\/ninhson.web.biz.vn\/?page_id=219"},"modified":"2025-09-03T04:19:53","modified_gmt":"2025-09-03T04:19:53","slug":"ve-chung-toi","status":"publish","type":"page","link":"https:\/\/ninhson.web.biz.vn\/?page_id=219","title":{"rendered":"V\u1ec1 ch\u00fang t\u00f4i"},"content":{"rendered":"\n\t<section class=\"section\" id=\"section_487316321\">\n\t\t<div class=\"section-bg fill\" >\n\t\t\t\t\t\t\t\t\t\n\t\t\t\n\n\t\t<\/div>\n\n\t\t\n\n\t\t<div class=\"section-content relative\">\n\t\t\t\n\t<div id=\"text-1035757982\" class=\"text\">\n\t\t\n<h1 class=\"elementor-heading-title\">Gi\u1edbi thi\u1ec7u<\/h1>\n\t\t\n<style>\n#text-1035757982 {\n  text-align: center;\n}\n<\/style>\n\t<\/div>\n\t\n\t\t<\/div>\n\n\t\t\n<style>\n#section_487316321 {\n  padding-top: 30px;\n  padding-bottom: 30px;\n  background-color: rgb(247, 247, 247);\n}\n<\/style>\n\t<\/section>\n\t\n<div class=\"row\"  id=\"row-1898301212\">\n\n\t<div id=\"col-867771959\" class=\"col small-12 large-12\"  >\n\t\t\t\t<div class=\"col-inner\"  >\n\t\t\t\n\t\t\t\n\n\t\t<div class=\"tabbed-content tab_sps\">\n\t\t\t\n\t\t\t<ul class=\"nav nav-outline nav-uppercase nav-size-normal nav-center\" role=\"tablist\"><li id=\"tab-t\u1ed5ng-quan\" class=\"tab active has-icon\" role=\"presentation\"><a href=\"#tab_t\u1ed5ng-quan\" role=\"tab\" aria-selected=\"true\" aria-controls=\"tab_t\u1ed5ng-quan\"><span>T\u1ed5ng Quan<\/span><\/a><\/li>\n<li id=\"tab-l\u1ecbch-s\u1eed-h\u00ecnh-th\u00e0nh\" class=\"tab has-icon\" role=\"presentation\"><a href=\"#tab_l\u1ecbch-s\u1eed-h\u00ecnh-th\u00e0nh\" tabindex=\"-1\" role=\"tab\" aria-selected=\"false\" aria-controls=\"tab_l\u1ecbch-s\u1eed-h\u00ecnh-th\u00e0nh\"><span>L\u1ecbch S\u1eed H\u00ecnh Th\u00e0nh<\/span><\/a><\/li>\n<li id=\"tab-t\u1ea7m-nh\u00ecn---s\u1ee9-m\u1ec7nh\" class=\"tab has-icon\" role=\"presentation\"><a href=\"#tab_t\u1ea7m-nh\u00ecn---s\u1ee9-m\u1ec7nh\" tabindex=\"-1\" role=\"tab\" aria-selected=\"false\" aria-controls=\"tab_t\u1ea7m-nh\u00ecn---s\u1ee9-m\u1ec7nh\"><span>T\u1ea7m Nh\u00ecn - S\u1ee9 M\u1ec7nh<\/span><\/a><\/li>\n<li id=\"tab-b\u1eb1ng-c\u1ea5p---ch\u1ee9ng-nh\u1eadn\" class=\"tab has-icon\" role=\"presentation\"><a href=\"#tab_b\u1eb1ng-c\u1ea5p---ch\u1ee9ng-nh\u1eadn\" tabindex=\"-1\" role=\"tab\" aria-selected=\"false\" aria-controls=\"tab_b\u1eb1ng-c\u1ea5p---ch\u1ee9ng-nh\u1eadn\"><span>B\u1eb1ng C\u1ea5p - Ch\u1ee9ng Nh\u1eadn<\/span><\/a><\/li>\n<li id=\"tab-tri\u1ebft-l\u00fd-kinh-doanh\" class=\"tab has-icon\" role=\"presentation\"><a href=\"#tab_tri\u1ebft-l\u00fd-kinh-doanh\" tabindex=\"-1\" role=\"tab\" aria-selected=\"false\" aria-controls=\"tab_tri\u1ebft-l\u00fd-kinh-doanh\"><span>Tri\u1ebft L\u00fd Kinh Doanh<\/span><\/a><\/li><\/ul><div class=\"tab-panels\"><div id=\"tab_t\u1ed5ng-quan\" class=\"panel active entry-content\" role=\"tabpanel\" aria-labelledby=\"tab-t\u1ed5ng-quan\">\n<div class=\"row align-middle\"  id=\"row-2025752907\">\n\n\t<div id=\"col-1011009765\" class=\"col medium-6 small-12 large-6\"  >\n\t\t\t\t<div class=\"col-inner\"  >\n\t\t\t\n\t\t\t\n\t<div class=\"img has-hover x md-x lg-x y md-y lg-y\" id=\"image_700121484\">\n\t\t\t\t\t\t\t\t<div class=\"img-inner dark\" >\n\t\t\t<img loading=\"lazy\" decoding=\"async\" width=\"2001\" height=\"941\" src=\"https:\/\/ninhson.web.biz.vn\/wp-content\/uploads\/Anh-cover-website-Ninh-Son.webp\" class=\"attachment-large size-large\" alt=\"\" srcset=\"https:\/\/ninhson.web.biz.vn\/wp-content\/uploads\/Anh-cover-website-Ninh-Son.webp 2001w, https:\/\/ninhson.web.biz.vn\/wp-content\/uploads\/Anh-cover-website-Ninh-Son-300x141.webp 300w, https:\/\/ninhson.web.biz.vn\/wp-content\/uploads\/Anh-cover-website-Ninh-Son-600x282.webp 600w\" sizes=\"auto, (max-width: 2001px) 100vw, 2001px\" \/>\t\t\t\t\t\t\n\t\t\t\t\t<\/div>\n\t\t\t\t\t\t\t\t\n<style>\n#image_700121484 {\n  width: 100%;\n}\n<\/style>\n\t<\/div>\n\t\n\t\t<\/div>\n\t\t\t\t\t<\/div>\n\n\t\n\n\t<div id=\"col-548345748\" class=\"col medium-6 small-12 large-6\"  >\n\t\t\t\t<div class=\"col-inner\"  >\n\t\t\t\n\t\t\t\n\t<div id=\"text-3802650487\" class=\"text\">\n\t\t\n<p style=\"text-align: justify;\"><strong>C\u00f4ng ty TNHH Th\u01b0\u01a1ng M\u1ea1i D\u1ecbch V\u1ee5 v\u00e0 S\u1ea3n Xu\u1ea5t Ninh S\u01a1n<\/strong>\u00a0t\u1ef1 h\u00e0o l\u00e0 \u0111\u01a1n v\u1ecb cung c\u1ea5p c\u00e1c s\u1ea3n ph\u1ea9m v\u00e0 d\u1ecbch v\u1ee5 chuy\u00ean nghi\u1ec7p trong l\u0129nh v\u1ef1c xilanh tr\u1ee5c v\u00edt, thi\u1ebft b\u1ecb \u0111o l\u01b0\u1eddng, m\u00e1y m\u00f3c v\u00e0 v\u1eadt t\u01b0 ph\u1ee5 tr\u1ee3 cho ng\u00e0nh nh\u1ef1a c\u0169ng nh\u01b0 t\u1ef1 \u0111\u1ed9ng h\u00f3a. V\u1edbi uy t\u00edn v\u00e0 kinh nghi\u1ec7m l\u00e2u n\u0103m, Ninh S\u01a1n kh\u00f4ng ch\u1ec9 mang \u0111\u1ebfn gi\u1ea3i ph\u00e1p c\u00f4ng ngh\u1ec7 hi\u1ec7n \u0111\u1ea1i m\u00e0 c\u00f2n cam k\u1ebft ch\u1ea5t l\u01b0\u1ee3ng v\u01b0\u1ee3t tr\u1ed9i, gi\u00fap kh\u00e1ch h\u00e0ng n\u00e2ng cao hi\u1ec7u su\u1ea5t s\u1ea3n xu\u1ea5t v\u00e0 c\u1ea1nh tranh tr\u00ean th\u1ecb tr\u01b0\u1eddng. \u0110\u1eb7c bi\u1ec7t, ch\u00fang t\u00f4i r\u1ea5t vinh d\u1ef1 \u0111\u01b0\u1ee3c h\u1ee3p t\u00e1c v\u00e0 l\u00e0m \u0111\u1ea1i l\u00fd ch\u00ednh th\u1ee9c cho c\u00e1c th\u01b0\u01a1ng hi\u1ec7u danh ti\u1ebfng c\u00f3 b\u1ec1 d\u00e0y l\u1ecbch s\u1eed ph\u00e1t tri\u1ec3n nh\u01b0: Xilanh, tr\u1ee5c v\u00edt Tanstar (\u0110\u00e0i Loan), Thi\u1ebft b\u1ecb \u0111o l\u01b0\u1eddng Sensormate (\u0110\u00e0i Loan), M\u00e1y ph\u1ee5 tr\u1ee3 Conair (M\u1ef9) v\u00e0 M\u00e2m rung (Bolw feeder) Ikyo (Vi\u1ec7t Nam). S\u1ef1 t\u00edn nhi\u1ec7m t\u1eeb c\u00e1c \u0111\u1ed1i t\u00e1c qu\u1ed1c t\u1ebf c\u00f9ng ni\u1ec1m tin c\u1ee7a kh\u00e1ch h\u00e0ng \u0111\u00e3 v\u00e0 \u0111ang l\u00e0 \u0111\u1ed9ng l\u1ef1c \u0111\u1ec3 Ninh S\u01a1n kh\u00f4ng ng\u1eebng s\u00e1ng t\u1ea1o, \u0111\u1ed5i m\u1edbi v\u00e0 kh\u1eb3ng \u0111\u1ecbnh v\u1ecb th\u1ebf tr\u00ean th\u1ecb tr\u01b0\u1eddng.<\/p>\n\t\t\n<style>\n#text-3802650487 {\n  font-size: 0.95rem;\n  line-height: 1.55;\n}\n<\/style>\n\t<\/div>\n\t\n\t\t<\/div>\n\t\t\t\t\t<\/div>\n\n\t\n<\/div>\n<\/div>\n<div id=\"tab_l\u1ecbch-s\u1eed-h\u00ecnh-th\u00e0nh\" class=\"panel entry-content\" role=\"tabpanel\" aria-labelledby=\"tab-l\u1ecbch-s\u1eed-h\u00ecnh-th\u00e0nh\">\n<\/div>\n<div id=\"tab_t\u1ea7m-nh\u00ecn---s\u1ee9-m\u1ec7nh\" class=\"panel entry-content\" role=\"tabpanel\" aria-labelledby=\"tab-t\u1ea7m-nh\u00ecn---s\u1ee9-m\u1ec7nh\">\n<\/div>\n<div id=\"tab_b\u1eb1ng-c\u1ea5p---ch\u1ee9ng-nh\u1eadn\" class=\"panel entry-content\" role=\"tabpanel\" aria-labelledby=\"tab-b\u1eb1ng-c\u1ea5p---ch\u1ee9ng-nh\u1eadn\">\n<\/div>\n<div id=\"tab_tri\u1ebft-l\u00fd-kinh-doanh\" class=\"panel entry-content\" role=\"tabpanel\" aria-labelledby=\"tab-tri\u1ebft-l\u00fd-kinh-doanh\">\n<\/div><\/div><\/div>\n\t\t<\/div>\n\t\t\t\t\t<\/div>\n\n\t\n<\/div>\n","protected":false},"excerpt":{"rendered":"","protected":false},"author":1,"featured_media":0,"parent":0,"menu_order":0,"comment_status":"closed","ping_status":"closed","template":"page-blank.php","meta":{"footnotes":""},"class_list":["post-219","page","type-page","status-publish","hentry"],"yoast_head":"<!-- This site is optimized with the Yoast SEO Premium plugin v23.2 (Yoast SEO v25.8) - https:\/\/yoast.com\/wordpress\/plugins\/seo\/ -->\n<title>V\u1ec1 ch\u00fang t\u00f4i - C\u00d4NG TY TNHH TH\u01af\u01a0NG M\u1ea0I D\u1ecaCH V\u1ee4 V\u00c0 S\u1ea2N PH\u1ea8M NINH S\u01a0N<\/title>\n<meta name=\"robots\" content=\"noindex, follow, max-snippet:-1, max-image-preview:large, max-video-preview:-1\" \/>\n<meta property=\"og:locale\" content=\"vi_VN\" \/>\n<meta property=\"og:type\" content=\"article\" \/>\n<meta property=\"og:title\" content=\"V\u1ec1 ch\u00fang t\u00f4i\" \/>\n<meta property=\"og:url\" content=\"https:\/\/ninhson.web.biz.vn\/?page_id=219\" \/>\n<meta property=\"og:site_name\" content=\"C\u00d4NG TY TNHH TH\u01af\u01a0NG M\u1ea0I D\u1ecaCH V\u1ee4 V\u00c0 S\u1ea2N PH\u1ea8M NINH S\u01a0N\" \/>\n<meta property=\"article:modified_time\" content=\"2025-09-03T04:19:53+00:00\" \/>\n<meta name=\"twitter:card\" content=\"summary_large_image\" \/>\n<script type=\"application\/ld+json\" class=\"yoast-schema-graph\">{\"@context\":\"https:\/\/schema.org\",\"@graph\":[{\"@type\":\"WebPage\",\"@id\":\"https:\/\/ninhson.web.biz.vn\/?page_id=219\",\"url\":\"https:\/\/ninhson.web.biz.vn\/?page_id=219\",\"name\":\"V\u1ec1 ch\u00fang t\u00f4i - C\u00d4NG TY TNHH TH\u01af\u01a0NG M\u1ea0I D\u1ecaCH V\u1ee4 V\u00c0 S\u1ea2N PH\u1ea8M NINH S\u01a0N\",\"isPartOf\":{\"@id\":\"https:\/\/ninhson.web.biz.vn\/#website\"},\"datePublished\":\"2025-09-03T03:18:22+00:00\",\"dateModified\":\"2025-09-03T04:19:53+00:00\",\"breadcrumb\":{\"@id\":\"https:\/\/ninhson.web.biz.vn\/?page_id=219#breadcrumb\"},\"inLanguage\":\"vi\",\"potentialAction\":[{\"@type\":\"ReadAction\",\"target\":[\"https:\/\/ninhson.web.biz.vn\/?page_id=219\"]}]},{\"@type\":\"BreadcrumbList\",\"@id\":\"https:\/\/ninhson.web.biz.vn\/?page_id=219#breadcrumb\",\"itemListElement\":[{\"@type\":\"ListItem\",\"position\":1,\"name\":\"Trang ch\u1ee7\",\"item\":\"https:\/\/ninhson.web.biz.vn\/\"},{\"@type\":\"ListItem\",\"position\":2,\"name\":\"V\u1ec1 ch\u00fang t\u00f4i\"}]},{\"@type\":\"WebSite\",\"@id\":\"https:\/\/ninhson.web.biz.vn\/#website\",\"url\":\"https:\/\/ninhson.web.biz.vn\/\",\"name\":\"C\u00d4NG TY TNHH TH\u01af\u01a0NG M\u1ea0I D\u1ecaCH V\u1ee4 V\u00c0 S\u1ea2N PH\u1ea8M NINH S\u01a0N\",\"description\":\"\",\"potentialAction\":[{\"@type\":\"SearchAction\",\"target\":{\"@type\":\"EntryPoint\",\"urlTemplate\":\"https:\/\/ninhson.web.biz.vn\/?s={search_term_string}\"},\"query-input\":{\"@type\":\"PropertyValueSpecification\",\"valueRequired\":true,\"valueName\":\"search_term_string\"}}],\"inLanguage\":\"vi\"}]}<\/script>\n<!-- \/ Yoast SEO Premium plugin. -->","yoast_head_json":{"title":"V\u1ec1 ch\u00fang t\u00f4i - C\u00d4NG TY TNHH TH\u01af\u01a0NG M\u1ea0I D\u1ecaCH V\u1ee4 V\u00c0 S\u1ea2N PH\u1ea8M NINH S\u01a0N","robots":{"index":"noindex","follow":"follow","max-snippet":"max-snippet:-1","max-image-preview":"max-image-preview:large","max-video-preview":"max-video-preview:-1"},"og_locale":"vi_VN","og_type":"article","og_title":"V\u1ec1 ch\u00fang t\u00f4i","og_url":"https:\/\/ninhson.web.biz.vn\/?page_id=219","og_site_name":"C\u00d4NG TY TNHH TH\u01af\u01a0NG M\u1ea0I D\u1ecaCH V\u1ee4 V\u00c0 S\u1ea2N PH\u1ea8M NINH S\u01a0N","article_modified_time":"2025-09-03T04:19:53+00:00","twitter_card":"summary_large_image","schema":{"@context":"https:\/\/schema.org","@graph":[{"@type":"WebPage","@id":"https:\/\/ninhson.web.biz.vn\/?page_id=219","url":"https:\/\/ninhson.web.biz.vn\/?page_id=219","name":"V\u1ec1 ch\u00fang t\u00f4i - C\u00d4NG TY TNHH TH\u01af\u01a0NG M\u1ea0I D\u1ecaCH V\u1ee4 V\u00c0 S\u1ea2N PH\u1ea8M NINH S\u01a0N","isPartOf":{"@id":"https:\/\/ninhson.web.biz.vn\/#website"},"datePublished":"2025-09-03T03:18:22+00:00","dateModified":"2025-09-03T04:19:53+00:00","breadcrumb":{"@id":"https:\/\/ninhson.web.biz.vn\/?page_id=219#breadcrumb"},"inLanguage":"vi","potentialAction":[{"@type":"ReadAction","target":["https:\/\/ninhson.web.biz.vn\/?page_id=219"]}]},{"@type":"BreadcrumbList","@id":"https:\/\/ninhson.web.biz.vn\/?page_id=219#breadcrumb","itemListElement":[{"@type":"ListItem","position":1,"name":"Trang ch\u1ee7","item":"https:\/\/ninhson.web.biz.vn\/"},{"@type":"ListItem","position":2,"name":"V\u1ec1 ch\u00fang t\u00f4i"}]},{"@type":"WebSite","@id":"https:\/\/ninhson.web.biz.vn\/#website","url":"https:\/\/ninhson.web.biz.vn\/","name":"C\u00d4NG TY TNHH TH\u01af\u01a0NG M\u1ea0I D\u1ecaCH V\u1ee4 V\u00c0 S\u1ea2N PH\u1ea8M NINH S\u01a0N","description":"","potentialAction":[{"@type":"SearchAction","target":{"@type":"EntryPoint","urlTemplate":"https:\/\/ninhson.web.biz.vn\/?s={search_term_string}"},"query-input":{"@type":"PropertyValueSpecification","valueRequired":true,"valueName":"search_term_string"}}],"inLanguage":"vi"}]}},"_links":{"self":[{"href":"https:\/\/ninhson.web.biz.vn\/index.php?rest_route=\/wp\/v2\/pages\/219","targetHints":{"allow":["GET"]}}],"collection":[{"href":"https:\/\/ninhson.web.biz.vn\/index.php?rest_route=\/wp\/v2\/pages"}],"about":[{"href":"https:\/\/ninhson.web.biz.vn\/index.php?rest_route=\/wp\/v2\/types\/page"}],"author":[{"embeddable":true,"href":"https:\/\/ninhson.web.biz.vn\/index.php?rest_route=\/wp\/v2\/users\/1"}],"replies":[{"embeddable":true,"href":"https:\/\/ninhson.web.biz.vn\/index.php?rest_route=%2Fwp%2Fv2%2Fcomments&post=219"}],"version-history":[{"count":8,"href":"https:\/\/ninhson.web.biz.vn\/index.php?rest_route=\/wp\/v2\/pages\/219\/revisions"}],"predecessor-version":[{"id":287,"href":"https:\/\/ninhson.web.biz.vn\/index.php?rest_route=\/wp\/v2\/pages\/219\/revisions\/287"}],"wp:attachment":[{"href":"https:\/\/ninhson.web.biz.vn\/index.php?rest_route=%2Fwp%2Fv2%2Fmedia&parent=219"}],"curies":[{"name":"wp","href":"https:\/\/api.w.org\/{rel}","templated":true}]}}